{"id":275,"date":"2015-07-26T22:11:55","date_gmt":"2015-07-26T22:11:55","guid":{"rendered":"http:\/\/tgwesthofenroll.de\/?page_id=275"},"modified":"2023-10-02T20:28:08","modified_gmt":"2023-10-02T18:28:08","slug":"ueber-uns","status":"publish","type":"page","link":"https:\/\/tgwesthofenroll.de\/?page_id=275","title":{"rendered":"\u00dcber uns"},"content":{"rendered":"\n<div class=\"is-layout-flex wp-container-3 wp-block-columns has-2-columns\">\n<div class=\"is-layout-flow wp-block-column\">\n<p>Rollkunstlaufen ist eine elegante und kreative Sportart. Bei diesem Sport spielen K\u00f6rperkoordination, Ausdauer und Gleichgewichtsempfinden eine wichtige Rolle. Auch die Konzentration wird durch unseren Sport gef\u00f6rdert, denn schlie\u00dflich m\u00fcssen die Kinder sp\u00e4ter bei Wettk\u00e4mpfen ihre K\u00fcrabfolge, die zwischen einer Minute bei den Anf\u00e4ngern und vier Minuten in der Meisterklasse lang ist, auswendig kennen. Musikalische und t\u00e4nzerische Elemente kommen bei dieser Sportart zudem nicht zu kurz.<\/p>\n\n\n\n<p>Die Abteilung Rollkunstlauf ist die j\u00fcngste und auch eine der kleineren Abteilungen im Verein. Diese sind allerdings sehr aktiv und bestreiten regelm\u00e4\u00dfig Wettbewerbe auf verschiedenen Ebenen.<\/p>\n\n\n\n<p>Neue Mitglieder werden jederzeit herzlich aufgenommen. Unsere Trainerinnen freuen sich immer \u00fcber Kinder, die gerne Rollschuh laufen und diesen Sport mit anderen im Verein aus\u00fcben m\u00f6chten.<br>Wer sich angesprochen f\u00fchlt, sich gerne nach Musik bewegt und einmal die eigene K\u00fcr in einem netten Kost\u00fcm vor Publikum pr\u00e4sentieren m\u00f6chte, ist jederzeit zu einem Probetraining willkommen. Zu diesem Zweck stellen wir nach vorheriger telefonischer Absprache auch Leihrollschuhe zur Verf\u00fcgung, soweit die entsprechende Gr\u00f6\u00dfe vorhanden ist.<\/p>\n<\/div>\n\n\n\n<div class=\"is-layout-flow wp-block-column\">\n<h4>Unsere Ansprechpartner<\/h4>\n\n\n\n<p>Falls ihr Fragen zu unserer Abteilung habt, meldet Euch<br>einfach bei:<\/p>\n\n\n\n<p><strong>Tanja Zarges<\/strong><br><a href=\"mailto:tanja.zarges@tgwesthofenroll.de\" data-type=\"mailto\" data-id=\"mailto:tanja.zarges@tgwesthofenroll.de\">EMail<\/a><\/p>\n\n\n\n<p><\/p>\n\n\n\n<h4>Hauptverein<\/h4>\n\n\n<div class=\"wp-block-image\">\n<figure class=\"alignleft is-resized\"><a href=\"http:\/\/www.tgwesthofen.de\/\"><img decoding=\"async\" loading=\"lazy\" src=\"http:\/\/tgwesthofenroll.de\/wp-content\/uploads\/2015\/07\/logo.png\" alt=\"logo\" class=\"wp-image-271\" width=\"136\" height=\"171\"\/><\/a><figcaption class=\"wp-element-caption\"><br>Die Seite unseres Hauptvereines wird bei einem Klick auf das Logo in einem neuem Fenster ge\u00f6ffnet.<\/figcaption><\/figure><\/div>\n\n\n<p><\/p>\n<\/div>\n<\/div>\n","protected":false},"excerpt":{"rendered":"<div class=\"is-layout-flex wp-container-6 wp-block-columns has-2-columns\">\n<div class=\"is-layout-flow wp-block-column\">\n<p>Rollkunstlaufen ist eine elegante und kreative Sportart. Bei diesem Sport spielen K\u00f6rperkoordination, Ausdauer und Gleichgewichtsempfinden eine wichtige Rolle. Auch die Konzentration wird durch unseren Sport gef\u00f6rdert, denn schlie\u00dflich m\u00fcssen die Kinder sp\u00e4ter bei Wettk\u00e4mpfen ihre K\u00fcrabfolge, die zwischen einer Minute bei den Anf\u00e4ngern und vier Minuten in der Meisterklasse lang ist,<\/p>\n<\/div>\n<\/div>\n<p><span class=\"ellipsis\">&hellip;<\/span><\/p>\n<div class=\"read-more\"><a href=\"https:\/\/tgwesthofenroll.de\/?page_id=275\">Weiterlesen &#8250;<\/a><\/div>\n<p><!-- end of .read-more --><\/p>\n","protected":false},"author":1,"featured_media":0,"parent":0,"menu_order":0,"comment_status":"open","ping_status":"open","template":"","meta":[],"_links":{"self":[{"href":"https:\/\/tgwesthofenroll.de\/index.php?rest_route=\/wp\/v2\/pages\/275"}],"collection":[{"href":"https:\/\/tgwesthofenroll.de\/index.php?rest_route=\/wp\/v2\/pages"}],"about":[{"href":"https:\/\/tgwesthofenroll.de\/index.php?rest_route=\/wp\/v2\/types\/page"}],"author":[{"embeddable":true,"href":"https:\/\/tgwesthofenroll.de\/index.php?rest_route=\/wp\/v2\/users\/1"}],"replies":[{"embeddable":true,"href":"https:\/\/tgwesthofenroll.de\/index.php?rest_route=%2Fwp%2Fv2%2Fcomments&post=275"}],"version-history":[{"count":14,"href":"https:\/\/tgwesthofenroll.de\/index.php?rest_route=\/wp\/v2\/pages\/275\/revisions"}],"predecessor-version":[{"id":3023,"href":"https:\/\/tgwesthofenroll.de\/index.php?rest_route=\/wp\/v2\/pages\/275\/revisions\/3023"}],"wp:attachment":[{"href":"https:\/\/tgwesthofenroll.de\/index.php?rest_route=%2Fwp%2Fv2%2Fmedia&parent=275"}],"curies":[{"name":"wp","href":"https:\/\/api.w.org\/{rel}","templated":true}]}}